{"id":1112,"date":"2024-01-27T09:25:38","date_gmt":"2024-01-27T14:25:38","guid":{"rendered":"https:\/\/saludvidaenlinea.com\/?post_type=product&#038;p=1112"},"modified":"2024-01-27T09:26:53","modified_gmt":"2024-01-27T14:26:53","slug":"sugar-control","status":"publish","type":"product","link":"https:\/\/saludvidaenlinea.com\/en\/product\/sugar-control\/","title":{"rendered":"SUGAR CONTROL"},"content":{"rendered":"<p>Sugar control ayuda a mantener los niveles de az\u00facar en sangre en un rango normal creando m\u00e1s energ\u00eda evitando fatiga menos antojos de comidas le mantiene el estado de \u00e1nimo m\u00e1s equilibrado le da mejor concentraci\u00f3n y una inmunidad mucho m\u00e1s fuerte.<\/p>","protected":false},"excerpt":{"rendered":"<p>Sugar control ayuda a mantener los niveles de az\u00facar en sangre en un rango normal creando m\u00e1s energ\u00eda evitando fatiga menos antojos de comidas le mantiene el estado de \u00e1nimo m\u00e1s equilibrado le da mejor concentraci\u00f3n y una inmunidad mucho m\u00e1s fuerte.<\/p>","protected":false},"featured_media":1113,"template":"","meta":{"_acf_changed":false},"product_cat":[15],"product_tag":[],"class_list":{"0":"post-1112","1":"product","2":"type-product","3":"status-publish","4":"has-post-thumbnail","6":"product_cat-uncategorized","8":"first","9":"instock","10":"sale","11":"shipping-taxable","12":"purchasable","13":"product-type-simple"},"acf":[],"_links":{"self":[{"href":"https:\/\/saludvidaenlinea.com\/en\/wp-json\/wp\/v2\/product\/1112","targetHints":{"allow":["GET"]}}],"collection":[{"href":"https:\/\/saludvidaenlinea.com\/en\/wp-json\/wp\/v2\/product"}],"about":[{"href":"https:\/\/saludvidaenlinea.com\/en\/wp-json\/wp\/v2\/types\/product"}],"version-history":[{"count":0,"href":"https:\/\/saludvidaenlinea.com\/en\/wp-json\/wp\/v2\/product\/1112\/revisions"}],"wp:featuredmedia":[{"embeddable":true,"href":"https:\/\/saludvidaenlinea.com\/en\/wp-json\/wp\/v2\/media\/1113"}],"wp:attachment":[{"href":"https:\/\/saludvidaenlinea.com\/en\/wp-json\/wp\/v2\/media?parent=1112"}],"wp:term":[{"taxonomy":"product_cat","embeddable":true,"href":"https:\/\/saludvidaenlinea.com\/en\/wp-json\/wp\/v2\/product_cat?post=1112"},{"taxonomy":"product_tag","embeddable":true,"href":"https:\/\/saludvidaenlinea.com\/en\/wp-json\/wp\/v2\/product_tag?post=1112"}],"curies":[{"name":"wp","href":"https:\/\/api.w.org\/{rel}","templated":true}]}}