{"id":1115,"date":"2024-01-27T09:27:12","date_gmt":"2024-01-27T14:27:12","guid":{"rendered":"https:\/\/saludvidaenlinea.com\/?post_type=product&#038;p=1115"},"modified":"2024-01-27T09:28:10","modified_gmt":"2024-01-27T14:28:10","slug":"collagen-plus","status":"publish","type":"product","link":"https:\/\/saludvidaenlinea.com\/en\/product\/collagen-plus\/","title":{"rendered":"COLLAGEN PLUS"},"content":{"rendered":"<p>Col\u00e1geno es un poderoso antioxidante que ayuda a mejorar la firmeza y elasticidad de la piel, se usa para fortalecer las u\u00f1as el cabello y mejorar la apariencia de nuestra piel, tambi\u00e9n lo usan mucho para prevenir y aliviar los s\u00edntomas de la osteoporosis. le retrasa aparici\u00f3n de arrugas l\u00edneas faciales y celulitis y fortalece articulaciones tendones y ligamentos.<\/p>","protected":false},"excerpt":{"rendered":"<p>Col\u00e1geno es un poderoso antioxidante que ayuda a mejorar la firmeza y elasticidad de la piel, se usa para fortalecer las u\u00f1as el cabello y mejorar la apariencia de nuestra piel, tambi\u00e9n lo usan mucho para prevenir y aliviar los s\u00edntomas de la osteoporosis. le retrasa aparici\u00f3n de arrugas l\u00edneas faciales y celulitis y fortalece [&hellip;]<\/p>","protected":false},"featured_media":1116,"template":"","meta":{"_acf_changed":false},"product_cat":[15],"product_tag":[],"class_list":{"0":"post-1115","1":"product","2":"type-product","3":"status-publish","4":"has-post-thumbnail","6":"product_cat-uncategorized","8":"first","9":"instock","10":"sale","11":"shipping-taxable","12":"purchasable","13":"product-type-simple"},"acf":[],"_links":{"self":[{"href":"https:\/\/saludvidaenlinea.com\/en\/wp-json\/wp\/v2\/product\/1115","targetHints":{"allow":["GET"]}}],"collection":[{"href":"https:\/\/saludvidaenlinea.com\/en\/wp-json\/wp\/v2\/product"}],"about":[{"href":"https:\/\/saludvidaenlinea.com\/en\/wp-json\/wp\/v2\/types\/product"}],"version-history":[{"count":0,"href":"https:\/\/saludvidaenlinea.com\/en\/wp-json\/wp\/v2\/product\/1115\/revisions"}],"wp:featuredmedia":[{"embeddable":true,"href":"https:\/\/saludvidaenlinea.com\/en\/wp-json\/wp\/v2\/media\/1116"}],"wp:attachment":[{"href":"https:\/\/saludvidaenlinea.com\/en\/wp-json\/wp\/v2\/media?parent=1115"}],"wp:term":[{"taxonomy":"product_cat","embeddable":true,"href":"https:\/\/saludvidaenlinea.com\/en\/wp-json\/wp\/v2\/product_cat?post=1115"},{"taxonomy":"product_tag","embeddable":true,"href":"https:\/\/saludvidaenlinea.com\/en\/wp-json\/wp\/v2\/product_tag?post=1115"}],"curies":[{"name":"wp","href":"https:\/\/api.w.org\/{rel}","templated":true}]}}