{"id":1121,"date":"2024-01-27T09:30:05","date_gmt":"2024-01-27T14:30:05","guid":{"rendered":"https:\/\/saludvidaenlinea.com\/?post_type=product&#038;p=1121"},"modified":"2024-01-27T09:30:43","modified_gmt":"2024-01-27T14:30:43","slug":"gol-sex","status":"publish","type":"product","link":"https:\/\/saludvidaenlinea.com\/en\/product\/gol-sex\/","title":{"rendered":"GOL SEX"},"content":{"rendered":"<p>F\u00f3rmula combinada de ingredientes naturales que ayudar\u00e1n a aumentar el flujo sangu\u00edneo al \u00e1rea genital. Infunde nutrientes en el sistema reproductivo que puede ayudarle a aumentar la producci\u00f3n saludable del semen por lo tanto le va a dar una erecci\u00f3n grande y frecuente.<\/p>","protected":false},"excerpt":{"rendered":"<p>F\u00f3rmula combinada de ingredientes naturales que ayudar\u00e1n a aumentar el flujo sangu\u00edneo al \u00e1rea genital. Infunde nutrientes en el sistema reproductivo que puede ayudarle a aumentar la producci\u00f3n saludable del semen por lo tanto le va a dar una erecci\u00f3n grande y frecuente.<\/p>","protected":false},"featured_media":1122,"template":"","meta":{"_acf_changed":false},"product_cat":[24],"product_tag":[],"class_list":{"0":"post-1121","1":"product","2":"type-product","3":"status-publish","4":"has-post-thumbnail","6":"product_cat-potencia-masculina","8":"first","9":"instock","10":"sale","11":"shipping-taxable","12":"purchasable","13":"product-type-simple"},"acf":[],"_links":{"self":[{"href":"https:\/\/saludvidaenlinea.com\/en\/wp-json\/wp\/v2\/product\/1121","targetHints":{"allow":["GET"]}}],"collection":[{"href":"https:\/\/saludvidaenlinea.com\/en\/wp-json\/wp\/v2\/product"}],"about":[{"href":"https:\/\/saludvidaenlinea.com\/en\/wp-json\/wp\/v2\/types\/product"}],"version-history":[{"count":0,"href":"https:\/\/saludvidaenlinea.com\/en\/wp-json\/wp\/v2\/product\/1121\/revisions"}],"wp:featuredmedia":[{"embeddable":true,"href":"https:\/\/saludvidaenlinea.com\/en\/wp-json\/wp\/v2\/media\/1122"}],"wp:attachment":[{"href":"https:\/\/saludvidaenlinea.com\/en\/wp-json\/wp\/v2\/media?parent=1121"}],"wp:term":[{"taxonomy":"product_cat","embeddable":true,"href":"https:\/\/saludvidaenlinea.com\/en\/wp-json\/wp\/v2\/product_cat?post=1121"},{"taxonomy":"product_tag","embeddable":true,"href":"https:\/\/saludvidaenlinea.com\/en\/wp-json\/wp\/v2\/product_tag?post=1121"}],"curies":[{"name":"wp","href":"https:\/\/api.w.org\/{rel}","templated":true}]}}