{"id":1257,"date":"2024-07-11T19:13:58","date_gmt":"2024-07-12T00:13:58","guid":{"rendered":"https:\/\/saludvidaenlinea.com\/?post_type=product&#038;p=1257"},"modified":"2024-07-11T19:16:17","modified_gmt":"2024-07-12T00:16:17","slug":"sano-rinon","status":"publish","type":"product","link":"https:\/\/saludvidaenlinea.com\/en\/product\/sano-rinon\/","title":{"rendered":"SANO RI\u00d1ON"},"content":{"rendered":"<p>Indispensable para prevenir c\u00e1lculos en los ri\u00f1ones y en la ves\u00edcula, ademas reduce el nivel de az\u00facar en la sangre, colesterol y la presi\u00f3n sangu\u00ednea. Alivia los dolores, le protege el h\u00edgado y el p\u00e1ncreas, trata el exceso de liquido en el cuerpo.<\/p>\n<p>&nbsp;<\/p>\n<p>&nbsp;<\/p>\n<p>&nbsp;<\/p>\n<p>&nbsp;<\/p>","protected":false},"excerpt":{"rendered":"<p>Indispensable para prevenir c\u00e1lculos en los ri\u00f1ones y en la ves\u00edcula, ademas reduce el nivel de az\u00facar en la sangre, colesterol y la presi\u00f3n sangu\u00ednea. Alivia los dolores, le protege el h\u00edgado y el p\u00e1ncreas, trata el exceso de liquido en el cuerpo. &nbsp; &nbsp; &nbsp; &nbsp;<\/p>","protected":false},"featured_media":1258,"template":"","meta":{"_acf_changed":false},"product_cat":[15],"product_tag":[],"class_list":{"0":"post-1257","1":"product","2":"type-product","3":"status-publish","4":"has-post-thumbnail","6":"product_cat-uncategorized","8":"first","9":"instock","10":"sale","11":"shipping-taxable","12":"purchasable","13":"product-type-simple"},"acf":[],"_links":{"self":[{"href":"https:\/\/saludvidaenlinea.com\/en\/wp-json\/wp\/v2\/product\/1257","targetHints":{"allow":["GET"]}}],"collection":[{"href":"https:\/\/saludvidaenlinea.com\/en\/wp-json\/wp\/v2\/product"}],"about":[{"href":"https:\/\/saludvidaenlinea.com\/en\/wp-json\/wp\/v2\/types\/product"}],"version-history":[{"count":1,"href":"https:\/\/saludvidaenlinea.com\/en\/wp-json\/wp\/v2\/product\/1257\/revisions"}],"predecessor-version":[{"id":1259,"href":"https:\/\/saludvidaenlinea.com\/en\/wp-json\/wp\/v2\/product\/1257\/revisions\/1259"}],"wp:featuredmedia":[{"embeddable":true,"href":"https:\/\/saludvidaenlinea.com\/en\/wp-json\/wp\/v2\/media\/1258"}],"wp:attachment":[{"href":"https:\/\/saludvidaenlinea.com\/en\/wp-json\/wp\/v2\/media?parent=1257"}],"wp:term":[{"taxonomy":"product_cat","embeddable":true,"href":"https:\/\/saludvidaenlinea.com\/en\/wp-json\/wp\/v2\/product_cat?post=1257"},{"taxonomy":"product_tag","embeddable":true,"href":"https:\/\/saludvidaenlinea.com\/en\/wp-json\/wp\/v2\/product_tag?post=1257"}],"curies":[{"name":"wp","href":"https:\/\/api.w.org\/{rel}","templated":true}]}}