{"id":1260,"date":"2024-07-11T19:16:41","date_gmt":"2024-07-12T00:16:41","guid":{"rendered":"https:\/\/saludvidaenlinea.com\/?post_type=product&#038;p=1260"},"modified":"2024-07-11T19:18:34","modified_gmt":"2024-07-12T00:18:34","slug":"inmune-c","status":"publish","type":"product","link":"https:\/\/saludvidaenlinea.com\/en\/product\/inmune-c\/","title":{"rendered":"INMUNE &#8211; C"},"content":{"rendered":"<p>Refuerzo del sistema inmunol\u00f3gico para ayudarlo a mantener su sistema inmunol\u00f3gico saludable, fuerte y en optimas condiciones, le ayuda con el nivel de prote\u00edna, mantiene sanos los huesos y articulaciones, mejora la apariencia de la piel.<\/p>\n<p>&nbsp;<\/p>\n<p>&nbsp;<\/p>\n<p>&nbsp;<\/p>\n<p>&nbsp;<\/p>","protected":false},"excerpt":{"rendered":"<p>Refuerzo del sistema inmunol\u00f3gico para ayudarlo a mantener su sistema inmunol\u00f3gico saludable, fuerte y en optimas condiciones, le ayuda con el nivel de prote\u00edna, mantiene sanos los huesos y articulaciones, mejora la apariencia de la piel. &nbsp; &nbsp; &nbsp; &nbsp;<\/p>","protected":false},"featured_media":1261,"template":"","meta":{"_acf_changed":false},"product_cat":[15],"product_tag":[],"class_list":{"0":"post-1260","1":"product","2":"type-product","3":"status-publish","4":"has-post-thumbnail","6":"product_cat-uncategorized","8":"first","9":"instock","10":"sale","11":"shipping-taxable","12":"purchasable","13":"product-type-simple"},"acf":[],"_links":{"self":[{"href":"https:\/\/saludvidaenlinea.com\/en\/wp-json\/wp\/v2\/product\/1260","targetHints":{"allow":["GET"]}}],"collection":[{"href":"https:\/\/saludvidaenlinea.com\/en\/wp-json\/wp\/v2\/product"}],"about":[{"href":"https:\/\/saludvidaenlinea.com\/en\/wp-json\/wp\/v2\/types\/product"}],"version-history":[{"count":1,"href":"https:\/\/saludvidaenlinea.com\/en\/wp-json\/wp\/v2\/product\/1260\/revisions"}],"predecessor-version":[{"id":1262,"href":"https:\/\/saludvidaenlinea.com\/en\/wp-json\/wp\/v2\/product\/1260\/revisions\/1262"}],"wp:featuredmedia":[{"embeddable":true,"href":"https:\/\/saludvidaenlinea.com\/en\/wp-json\/wp\/v2\/media\/1261"}],"wp:attachment":[{"href":"https:\/\/saludvidaenlinea.com\/en\/wp-json\/wp\/v2\/media?parent=1260"}],"wp:term":[{"taxonomy":"product_cat","embeddable":true,"href":"https:\/\/saludvidaenlinea.com\/en\/wp-json\/wp\/v2\/product_cat?post=1260"},{"taxonomy":"product_tag","embeddable":true,"href":"https:\/\/saludvidaenlinea.com\/en\/wp-json\/wp\/v2\/product_tag?post=1260"}],"curies":[{"name":"wp","href":"https:\/\/api.w.org\/{rel}","templated":true}]}}