{"id":1263,"date":"2024-07-11T19:19:50","date_gmt":"2024-07-12T00:19:50","guid":{"rendered":"https:\/\/saludvidaenlinea.com\/?post_type=product&#038;p=1263"},"modified":"2024-07-17T14:12:39","modified_gmt":"2024-07-17T19:12:39","slug":"seximas","status":"publish","type":"product","link":"https:\/\/saludvidaenlinea.com\/en\/product\/seximas\/","title":{"rendered":"SEXIMAS"},"content":{"rendered":"<p>Suplemento dise\u00f1ado para mejorar la potencia sexual masculina. Estas c\u00e1psulas est\u00e1n formuladas con una combinaci\u00f3n de ingredientes naturales que se han utilizado tradicionalmente por sus propiedades beneficiosas en la salud sexual masculina<\/p>\n<p>&nbsp;<\/p>\n<p>&nbsp;<\/p>\n<p>&nbsp;<\/p>\n<p>&nbsp;<\/p>","protected":false},"excerpt":{"rendered":"<p>Suplemento dise\u00f1ado para mejorar la potencia sexual masculina. Estas c\u00e1psulas est\u00e1n formuladas con una combinaci\u00f3n de ingredientes naturales que se han utilizado tradicionalmente por sus propiedades beneficiosas en la salud sexual masculina &nbsp; &nbsp; &nbsp; &nbsp;<\/p>","protected":false},"featured_media":1264,"template":"","meta":{"_acf_changed":false},"product_cat":[15],"product_tag":[],"class_list":{"0":"post-1263","1":"product","2":"type-product","3":"status-publish","4":"has-post-thumbnail","6":"product_cat-uncategorized","8":"first","9":"instock","10":"sale","11":"shipping-taxable","12":"purchasable","13":"product-type-simple"},"acf":[],"_links":{"self":[{"href":"https:\/\/saludvidaenlinea.com\/en\/wp-json\/wp\/v2\/product\/1263","targetHints":{"allow":["GET"]}}],"collection":[{"href":"https:\/\/saludvidaenlinea.com\/en\/wp-json\/wp\/v2\/product"}],"about":[{"href":"https:\/\/saludvidaenlinea.com\/en\/wp-json\/wp\/v2\/types\/product"}],"version-history":[{"count":1,"href":"https:\/\/saludvidaenlinea.com\/en\/wp-json\/wp\/v2\/product\/1263\/revisions"}],"predecessor-version":[{"id":1265,"href":"https:\/\/saludvidaenlinea.com\/en\/wp-json\/wp\/v2\/product\/1263\/revisions\/1265"}],"wp:featuredmedia":[{"embeddable":true,"href":"https:\/\/saludvidaenlinea.com\/en\/wp-json\/wp\/v2\/media\/1264"}],"wp:attachment":[{"href":"https:\/\/saludvidaenlinea.com\/en\/wp-json\/wp\/v2\/media?parent=1263"}],"wp:term":[{"taxonomy":"product_cat","embeddable":true,"href":"https:\/\/saludvidaenlinea.com\/en\/wp-json\/wp\/v2\/product_cat?post=1263"},{"taxonomy":"product_tag","embeddable":true,"href":"https:\/\/saludvidaenlinea.com\/en\/wp-json\/wp\/v2\/product_tag?post=1263"}],"curies":[{"name":"wp","href":"https:\/\/api.w.org\/{rel}","templated":true}]}}