{"id":431,"date":"2023-11-04T13:21:17","date_gmt":"2023-11-04T18:21:17","guid":{"rendered":"https:\/\/saludvidaenlinea.com\/?post_type=product&#038;p=431"},"modified":"2024-01-27T09:24:24","modified_gmt":"2024-01-27T14:24:24","slug":"multi-daily","status":"publish","type":"product","link":"https:\/\/saludvidaenlinea.com\/en\/product\/multi-daily\/","title":{"rendered":"Multi Daily"},"content":{"rendered":"<p>Vitamins are essential to strengthen and boost the body's defenses. They assist in the production of energy, red blood cells, hemoglobin, hormones, and collagen. They also help reduce stress levels, enhance brain functions, growth, development, and blood circulation. They combat depression, memory loss, cataracts, and infertility, prevent anemias, and contribute to maintaining the health of the skin, hair, and nails.<\/p>","protected":false},"excerpt":{"rendered":"<p>Las vitaminas son indispensables para fortalecer y elevar las defensas del organismo. Ayudan en la producci\u00f3n de energ\u00eda, gl\u00f3bulos rojos, hemoglobina, hormonas y col\u00e1geno. Tambi\u00e9n ayudan a disminuir el nivel de estr\u00e9s, fortalecer las funciones cerebrales, el crecimiento, el desarrollo y la circulaci\u00f3n sangu\u00ednea. Combaten la depresi\u00f3n, la falta de memoria, las cataratas y la [&hellip;]<\/p>","protected":false},"featured_media":1110,"template":"","meta":{"_acf_changed":false},"product_cat":[23],"product_tag":[],"class_list":{"0":"post-431","1":"product","2":"type-product","3":"status-publish","4":"has-post-thumbnail","6":"product_cat-vitaminas","8":"first","9":"instock","10":"sale","11":"shipping-taxable","12":"purchasable","13":"product-type-simple"},"acf":[],"_links":{"self":[{"href":"https:\/\/saludvidaenlinea.com\/en\/wp-json\/wp\/v2\/product\/431","targetHints":{"allow":["GET"]}}],"collection":[{"href":"https:\/\/saludvidaenlinea.com\/en\/wp-json\/wp\/v2\/product"}],"about":[{"href":"https:\/\/saludvidaenlinea.com\/en\/wp-json\/wp\/v2\/types\/product"}],"version-history":[{"count":0,"href":"https:\/\/saludvidaenlinea.com\/en\/wp-json\/wp\/v2\/product\/431\/revisions"}],"wp:featuredmedia":[{"embeddable":true,"href":"https:\/\/saludvidaenlinea.com\/en\/wp-json\/wp\/v2\/media\/1110"}],"wp:attachment":[{"href":"https:\/\/saludvidaenlinea.com\/en\/wp-json\/wp\/v2\/media?parent=431"}],"wp:term":[{"taxonomy":"product_cat","embeddable":true,"href":"https:\/\/saludvidaenlinea.com\/en\/wp-json\/wp\/v2\/product_cat?post=431"},{"taxonomy":"product_tag","embeddable":true,"href":"https:\/\/saludvidaenlinea.com\/en\/wp-json\/wp\/v2\/product_tag?post=431"}],"curies":[{"name":"wp","href":"https:\/\/api.w.org\/{rel}","templated":true}]}}